{"id":70,"date":"2019-11-18T08:58:07","date_gmt":"2019-11-18T08:58:07","guid":{"rendered":"https:\/\/demosites.io\/blogger\/?page_id=6"},"modified":"2025-01-31T13:52:57","modified_gmt":"2025-01-31T16:52:57","slug":"705ea-blogger-home","status":"publish","type":"page","link":"https:\/\/arieljugo.com\/","title":{"rendered":"Home"},"content":{"rendered":"\t\t<div data-elementor-type=\"wp-post\" data-elementor-id=\"70\" class=\"elementor elementor-70\">\n\t\t\t\t\t\t<section class=\"elementor-section elementor-top-section elementor-element elementor-element-4f4caca elementor-section-content-middle elementor-section-boxed elementor-section-height-default elementor-section-height-default\" data-id=\"4f4caca\" data-element_type=\"section\">\n\t\t\t\t\t\t<div class=\"elementor-container elementor-column-gap-default\">\n\t\t\t\t\t<div class=\"elementor-column elementor-col-100 elementor-top-column elementor-element elementor-element-cd82b06\" data-id=\"cd82b06\" data-element_type=\"column\" data-settings=\"{&quot;background_background&quot;:&quot;classic&quot;}\">\n\t\t\t<div class=\"elementor-widget-wrap elementor-element-populated\">\n\t\t\t\t\t<div class=\"elementor-background-overlay\"><\/div>\n\t\t\t\t\t\t<div class=\"elementor-element elementor-element-efe92f1 elementor-widget elementor-widget-heading\" data-id=\"efe92f1\" data-element_type=\"widget\" data-widget_type=\"heading.default\">\n\t\t\t\t<div class=\"elementor-widget-container\">\n\t\t\t\t\t<p class=\"elementor-heading-title elementor-size-default\">Tu talento merece ser visto y valorado<\/p>\t\t\t\t<\/div>\n\t\t\t\t<\/div>\n\t\t\t\t<div class=\"elementor-element elementor-element-fe3ae9b elementor-widget elementor-widget-heading\" data-id=\"fe3ae9b\" data-element_type=\"widget\" data-widget_type=\"heading.default\">\n\t\t\t\t<div class=\"elementor-widget-container\">\n\t\t\t\t\t<h2 class=\"elementor-heading-title elementor-size-default\">Crear es tu esencia, pero hacer que el mundo lo vea y lo valore puede ser un desaf\u00edo. <br><br>Hay un camino para que tu arte o emprendimiento crezca sin perder autenticidad.<\/h2>\t\t\t\t<\/div>\n\t\t\t\t<\/div>\n\t\t\t\t\t<\/div>\n\t\t<\/div>\n\t\t\t\t\t<\/div>\n\t\t<\/section>\n\t\t\t\t<section class=\"elementor-section elementor-top-section elementor-element elementor-element-9c879ef elementor-section-boxed elementor-section-height-default elementor-section-height-default\" data-id=\"9c879ef\" data-element_type=\"section\">\n\t\t\t\t\t\t<div class=\"elementor-container elementor-column-gap-default\">\n\t\t\t\t\t<div class=\"elementor-column elementor-col-100 elementor-top-column elementor-element elementor-element-f02ef05\" data-id=\"f02ef05\" data-element_type=\"column\">\n\t\t\t<div class=\"elementor-widget-wrap elementor-element-populated\">\n\t\t\t\t\t\t<div class=\"elementor-element elementor-element-d809189 elementor-button-success elementor-align-center elementor-widget elementor-widget-button\" data-id=\"d809189\" data-element_type=\"widget\" data-widget_type=\"button.default\">\n\t\t\t\t<div class=\"elementor-widget-container\">\n\t\t\t\t\t\t\t\t\t<div class=\"elementor-button-wrapper\">\n\t\t\t\t\t<a class=\"elementor-button elementor-button-link elementor-size-md\" href=\"https:\/\/calendar.app.google\/S1pp3e6Dbfu8JBYN9\" target=\"_blank\">\n\t\t\t\t\t\t<span class=\"elementor-button-content-wrapper\">\n\t\t\t\t\t\t<span class=\"elementor-button-icon\">\n\t\t\t\t<i aria-hidden=\"true\" class=\"far fa-calendar\"><\/i>\t\t\t<\/span>\n\t\t\t\t\t\t\t\t\t<span class=\"elementor-button-text\">Agenda t\u00fa reuni\u00f3n <\/span>\n\t\t\t\t\t<\/span>\n\t\t\t\t\t<\/a>\n\t\t\t\t<\/div>\n\t\t\t\t\t\t\t\t<\/div>\n\t\t\t\t<\/div>\n\t\t\t\t<div class=\"elementor-element elementor-element-d34090b elementor-widget elementor-widget-heading\" data-id=\"d34090b\" data-element_type=\"widget\" data-widget_type=\"heading.default\">\n\t\t\t\t<div class=\"elementor-widget-container\">\n\t\t\t\t\t<h2 class=\"elementor-heading-title elementor-size-default\">Juntos vamos a contruir una marca que refleje qui\u00e9n sos y que te ayude a vivir de lo que amas<\/h2>\t\t\t\t<\/div>\n\t\t\t\t<\/div>\n\t\t\t\t<div class=\"elementor-element elementor-element-6438ae8 elementor-widget elementor-widget-spacer\" data-id=\"6438ae8\" data-element_type=\"widget\" data-widget_type=\"spacer.default\">\n\t\t\t\t<div class=\"elementor-widget-container\">\n\t\t\t\t\t\t\t<div class=\"elementor-spacer\">\n\t\t\t<div class=\"elementor-spacer-inner\"><\/div>\n\t\t<\/div>\n\t\t\t\t\t\t<\/div>\n\t\t\t\t<\/div>\n\t\t\t\t\t<\/div>\n\t\t<\/div>\n\t\t\t\t\t<\/div>\n\t\t<\/section>\n\t\t\t\t<section class=\"elementor-section elementor-top-section elementor-element elementor-element-3b1daeb elementor-section-boxed elementor-section-height-default elementor-section-height-default\" data-id=\"3b1daeb\" data-element_type=\"section\" data-settings=\"{&quot;background_background&quot;:&quot;classic&quot;}\">\n\t\t\t\t\t\t<div class=\"elementor-container elementor-column-gap-default\">\n\t\t\t\t\t<div class=\"elementor-column elementor-col-50 elementor-top-column elementor-element elementor-element-73c878e\" data-id=\"73c878e\" data-element_type=\"column\">\n\t\t\t<div class=\"elementor-widget-wrap elementor-element-populated\">\n\t\t\t\t\t\t<div class=\"elementor-element elementor-element-d5a3187 text-bigger elementor-widget elementor-widget-heading\" data-id=\"d5a3187\" data-element_type=\"widget\" data-widget_type=\"heading.default\">\n\t\t\t\t<div class=\"elementor-widget-container\">\n\t\t\t\t\t<span class=\"elementor-heading-title elementor-size-default\">Soy Ariel Jugo, mentor especializado en el desarrollo de marcas personales y estrategias de comunicaci\u00f3n digital. <br><br>Me form\u00e9 en Cine y TV en la UNC. Fu\u00ed fot\u00f3grafo, director de fotograf\u00eda, director de cine publicitario y productor ejecutivo, tanto en proyectos nacionales como internacionales. Mi trayectoria me permiti\u00f3 comprender las necesidades de profesionales, emprendedores y artistas, brind\u00e1ndoles las herramientas necesarias para destacarse y crecer en sus campos. Hoy, como experto en comunicaci\u00f3n digital, acompa\u00f1o a mis clientes a construir su marca, aumentar su visibilidad y alcanzar sus objetivos de forma estrat\u00e9gica y efectiva.<\/span>\t\t\t\t<\/div>\n\t\t\t\t<\/div>\n\t\t\t\t\t<\/div>\n\t\t<\/div>\n\t\t\t\t<div class=\"elementor-column elementor-col-50 elementor-top-column elementor-element elementor-element-f3cd668\" data-id=\"f3cd668\" data-element_type=\"column\">\n\t\t\t<div class=\"elementor-widget-wrap elementor-element-populated\">\n\t\t\t\t\t\t<div class=\"elementor-element elementor-element-9815ea1 elementor-widget elementor-widget-image\" data-id=\"9815ea1\" data-element_type=\"widget\" data-widget_type=\"image.default\">\n\t\t\t\t<div class=\"elementor-widget-container\">\n\t\t\t\t\t\t\t\t\t\t\t\t\t\t\t<img fetchpriority=\"high\" decoding=\"async\" width=\"768\" height=\"402\" src=\"https:\/\/arieljugo.com\/wp-content\/uploads\/2020\/05\/Ariel-Jugo-comunicacion-web-03-768x402.jpg\" class=\"attachment-medium_large size-medium_large wp-image-113\" alt=\"\" srcset=\"https:\/\/arieljugo.com\/wp-content\/uploads\/2020\/05\/Ariel-Jugo-comunicacion-web-03-768x402.jpg 768w, https:\/\/arieljugo.com\/wp-content\/uploads\/2020\/05\/Ariel-Jugo-comunicacion-web-03-300x157.jpg 300w, https:\/\/arieljugo.com\/wp-content\/uploads\/2020\/05\/Ariel-Jugo-comunicacion-web-03-1024x537.jpg 1024w, https:\/\/arieljugo.com\/wp-content\/uploads\/2020\/05\/Ariel-Jugo-comunicacion-web-03-1536x805.jpg 1536w, https:\/\/arieljugo.com\/wp-content\/uploads\/2020\/05\/Ariel-Jugo-comunicacion-web-03.jpg 1664w\" sizes=\"(max-width: 768px) 100vw, 768px\" \/>\t\t\t\t\t\t\t\t\t\t\t\t\t\t\t<\/div>\n\t\t\t\t<\/div>\n\t\t\t\t\t<\/div>\n\t\t<\/div>\n\t\t\t\t\t<\/div>\n\t\t<\/section>\n\t\t\t\t<section class=\"elementor-section elementor-top-section elementor-element elementor-element-fd86a91 elementor-section-boxed elementor-section-height-default elementor-section-height-default\" data-id=\"fd86a91\" data-element_type=\"section\" data-settings=\"{&quot;background_background&quot;:&quot;classic&quot;}\">\n\t\t\t\t\t\t<div class=\"elementor-container elementor-column-gap-default\">\n\t\t\t\t\t<div class=\"elementor-column elementor-col-100 elementor-top-column elementor-element elementor-element-26b690e\" data-id=\"26b690e\" data-element_type=\"column\">\n\t\t\t<div class=\"elementor-widget-wrap elementor-element-populated\">\n\t\t\t\t\t\t<div class=\"elementor-element elementor-element-cf2b2b9 elementor-button-success elementor-align-center elementor-widget elementor-widget-button\" data-id=\"cf2b2b9\" data-element_type=\"widget\" data-widget_type=\"button.default\">\n\t\t\t\t<div class=\"elementor-widget-container\">\n\t\t\t\t\t\t\t\t\t<div class=\"elementor-button-wrapper\">\n\t\t\t\t\t<a class=\"elementor-button elementor-button-link elementor-size-md\" href=\"https:\/\/calendar.app.google\/S1pp3e6Dbfu8JBYN9\" target=\"_blank\">\n\t\t\t\t\t\t<span class=\"elementor-button-content-wrapper\">\n\t\t\t\t\t\t<span class=\"elementor-button-icon\">\n\t\t\t\t<i aria-hidden=\"true\" class=\"far fa-calendar\"><\/i>\t\t\t<\/span>\n\t\t\t\t\t\t\t\t\t<span class=\"elementor-button-text\">Agenda t\u00fa reuni\u00f3n <\/span>\n\t\t\t\t\t<\/span>\n\t\t\t\t\t<\/a>\n\t\t\t\t<\/div>\n\t\t\t\t\t\t\t\t<\/div>\n\t\t\t\t<\/div>\n\t\t\t\t<div class=\"elementor-element elementor-element-5f3d492 elementor-widget elementor-widget-heading\" data-id=\"5f3d492\" data-element_type=\"widget\" data-widget_type=\"heading.default\">\n\t\t\t\t<div class=\"elementor-widget-container\">\n\t\t\t\t\t<h2 class=\"elementor-heading-title elementor-size-default\">Mi misi\u00f3n es ayudarte a construir una marca que no solo refleje tu talento, sino que tambi\u00e9n te permita vivir de el. Te voy acompa\u00f1ar a encontrar el camino que mejor se adapte a tus necesidades y objetivos.<\/h2>\t\t\t\t<\/div>\n\t\t\t\t<\/div>\n\t\t\t\t\t<\/div>\n\t\t<\/div>\n\t\t\t\t\t<\/div>\n\t\t<\/section>\n\t\t\t\t<section class=\"elementor-section elementor-top-section elementor-element elementor-element-4b20f14 elementor-section-boxed elementor-section-height-default elementor-section-height-default\" data-id=\"4b20f14\" data-element_type=\"section\">\n\t\t\t\t\t\t<div class=\"elementor-container elementor-column-gap-default\">\n\t\t\t\t\t<div class=\"elementor-column elementor-col-100 elementor-top-column elementor-element elementor-element-fe0021b\" data-id=\"fe0021b\" data-element_type=\"column\">\n\t\t\t<div class=\"elementor-widget-wrap elementor-element-populated\">\n\t\t\t\t\t\t<div class=\"elementor-element elementor-element-188a494 elementor-widget elementor-widget-spacer\" data-id=\"188a494\" data-element_type=\"widget\" data-widget_type=\"spacer.default\">\n\t\t\t\t<div class=\"elementor-widget-container\">\n\t\t\t\t\t\t\t<div class=\"elementor-spacer\">\n\t\t\t<div class=\"elementor-spacer-inner\"><\/div>\n\t\t<\/div>\n\t\t\t\t\t\t<\/div>\n\t\t\t\t<\/div>\n\t\t\t\t<div class=\"elementor-element elementor-element-0897ef8 elementor-widget elementor-widget-heading\" data-id=\"0897ef8\" data-element_type=\"widget\" data-widget_type=\"heading.default\">\n\t\t\t\t<div class=\"elementor-widget-container\">\n\t\t\t\t\t<h3 class=\"elementor-heading-title elementor-size-default\">Servicio de Mentor\u00eda  para Emprendedores Creativos y Artistas<\/h3>\t\t\t\t<\/div>\n\t\t\t\t<\/div>\n\t\t\t\t<div class=\"elementor-element elementor-element-40220f3 elementor-widget elementor-widget-spacer\" data-id=\"40220f3\" data-element_type=\"widget\" data-widget_type=\"spacer.default\">\n\t\t\t\t<div class=\"elementor-widget-container\">\n\t\t\t\t\t\t\t<div class=\"elementor-spacer\">\n\t\t\t<div class=\"elementor-spacer-inner\"><\/div>\n\t\t<\/div>\n\t\t\t\t\t\t<\/div>\n\t\t\t\t<\/div>\n\t\t\t\t\t<\/div>\n\t\t<\/div>\n\t\t\t\t\t<\/div>\n\t\t<\/section>\n\t\t\t\t<section class=\"elementor-section elementor-top-section elementor-element elementor-element-e5480a1 elementor-section-boxed elementor-section-height-default elementor-section-height-default\" data-id=\"e5480a1\" data-element_type=\"section\">\n\t\t\t\t\t\t<div class=\"elementor-container elementor-column-gap-default\">\n\t\t\t\t\t<div class=\"elementor-column elementor-col-50 elementor-top-column elementor-element elementor-element-5253f0e\" data-id=\"5253f0e\" data-element_type=\"column\">\n\t\t\t<div class=\"elementor-widget-wrap elementor-element-populated\">\n\t\t\t\t\t\t<div class=\"elementor-element elementor-element-7f24092 elementor-widget elementor-widget-heading\" data-id=\"7f24092\" data-element_type=\"widget\" data-widget_type=\"heading.default\">\n\t\t\t\t<div class=\"elementor-widget-container\">\n\t\t\t\t\t<h6 class=\"elementor-heading-title elementor-size-default\">Para Emprendores Creativos:<\/h6>\t\t\t\t<\/div>\n\t\t\t\t<\/div>\n\t\t\t\t<div class=\"elementor-element elementor-element-c5219e1 elementor-widget elementor-widget-text-editor\" data-id=\"c5219e1\" data-element_type=\"widget\" data-widget_type=\"text-editor.default\">\n\t\t\t\t<div class=\"elementor-widget-container\">\n\t\t\t\t\t\t\t\t\t<p>Si sos un emprendedor o emprendedora en \u00e1reas como la gastronom\u00eda, el dise\u00f1o y la fabricaci\u00f3n artesanal de objetos, luthier, y otros, con m\u00ed mentor\u00eda te voy ayudar a posicionar tu marca, crear estrategias de marketing eficaces y encontrar formas sostenibles de monetizar tu talento. Vamos a crear un plan personalizado que te permita destacar en tu mercado y atraer clientes leales.<\/p>\t\t\t\t\t\t\t\t<\/div>\n\t\t\t\t<\/div>\n\t\t\t\t\t<\/div>\n\t\t<\/div>\n\t\t\t\t<div class=\"elementor-column elementor-col-50 elementor-top-column elementor-element elementor-element-1eaec99\" data-id=\"1eaec99\" data-element_type=\"column\">\n\t\t\t<div class=\"elementor-widget-wrap elementor-element-populated\">\n\t\t\t\t\t\t<div class=\"elementor-element elementor-element-f05df2c elementor-widget elementor-widget-heading\" data-id=\"f05df2c\" data-element_type=\"widget\" data-widget_type=\"heading.default\">\n\t\t\t\t<div class=\"elementor-widget-container\">\n\t\t\t\t\t<h6 class=\"elementor-heading-title elementor-size-default\">Para Artistas:<\/h6>\t\t\t\t<\/div>\n\t\t\t\t<\/div>\n\t\t\t\t<div class=\"elementor-element elementor-element-1614c97 elementor-widget elementor-widget-text-editor\" data-id=\"1614c97\" data-element_type=\"widget\" data-widget_type=\"text-editor.default\">\n\t\t\t\t<div class=\"elementor-widget-container\">\n\t\t\t\t\t\t\t\t\t<p>Si sos poeta, artista pl\u00e1stico\/a, escritor\/a, m\u00fasico\/a, dramaturgo\/a, coreografo\/a, o director\/a, y deseas que tu obra llegue a m\u00e1s personas sin perder tu esencia, mi mentor\u00eda te proporcionar\u00e1 herramientas pr\u00e1cticas para profesionalizar tu carrera, generar ingresos con tu arte y conectar con las personas adecuadas que reconozcan el valor de tu talento.<\/p>\t\t\t\t\t\t\t\t<\/div>\n\t\t\t\t<\/div>\n\t\t\t\t\t<\/div>\n\t\t<\/div>\n\t\t\t\t\t<\/div>\n\t\t<\/section>\n\t\t\t\t<section class=\"elementor-section elementor-top-section elementor-element elementor-element-a554f59 elementor-section-height-min-height elementor-section-boxed elementor-section-height-default elementor-section-items-middle\" data-id=\"a554f59\" data-element_type=\"section\" data-settings=\"{&quot;background_background&quot;:&quot;classic&quot;}\">\n\t\t\t\t\t\t<div class=\"elementor-container elementor-column-gap-default\">\n\t\t\t\t\t<div class=\"elementor-column elementor-col-100 elementor-top-column elementor-element elementor-element-68c17c9\" data-id=\"68c17c9\" data-element_type=\"column\">\n\t\t\t<div class=\"elementor-widget-wrap elementor-element-populated\">\n\t\t\t\t\t\t<div class=\"elementor-element elementor-element-fddbb51 text-bigger elementor-widget elementor-widget-heading\" data-id=\"fddbb51\" data-element_type=\"widget\" data-widget_type=\"heading.default\">\n\t\t\t\t<div class=\"elementor-widget-container\">\n\t\t\t\t\t<span class=\"elementor-heading-title elementor-size-default\">\u00bfListo para dar el siguiente paso?<\/span>\t\t\t\t<\/div>\n\t\t\t\t<\/div>\n\t\t\t\t<div class=\"elementor-element elementor-element-eb9bae3 elementor-widget elementor-widget-heading\" data-id=\"eb9bae3\" data-element_type=\"widget\" data-widget_type=\"heading.default\">\n\t\t\t\t<div class=\"elementor-widget-container\">\n\t\t\t\t\t<h2 class=\"elementor-heading-title elementor-size-default\">Trabajemos juntos<\/h2>\t\t\t\t<\/div>\n\t\t\t\t<\/div>\n\t\t\t\t<div class=\"elementor-element elementor-element-ed84e3f elementor-shape-circle elementor-grid-0 e-grid-align-center elementor-widget elementor-widget-social-icons\" data-id=\"ed84e3f\" data-element_type=\"widget\" data-widget_type=\"social-icons.default\">\n\t\t\t\t<div class=\"elementor-widget-container\">\n\t\t\t\t\t\t\t<div class=\"elementor-social-icons-wrapper elementor-grid\">\n\t\t\t\t\t\t\t<span class=\"elementor-grid-item\">\n\t\t\t\t\t<a class=\"elementor-icon elementor-social-icon elementor-social-icon- elementor-repeater-item-c400e89\" href=\"https:\/\/www.tiktok.com\/@arieltieneuntok\" target=\"_blank\">\n\t\t\t\t\t\t<span class=\"elementor-screen-only\"><\/span>\n\t\t\t\t\t\t<svg xmlns=\"http:\/\/www.w3.org\/2000\/svg\" id=\"icons\" viewBox=\"0 0 512 512\"><path d=\"M412.19,118.66a109.27,109.27,0,0,1-9.45-5.5,132.87,132.87,0,0,1-24.27-20.62c-18.1-20.71-24.86-41.72-27.35-56.43h.1C349.14,23.9,350,16,350.13,16H267.69V334.78c0,4.28,0,8.51-.18,12.69,0,.52-.05,1-.08,1.56,0,.23,0,.47-.05.71,0,.06,0,.12,0,.18a70,70,0,0,1-35.22,55.56,68.8,68.8,0,0,1-34.11,9c-38.41,0-69.54-31.32-69.54-70s31.13-70,69.54-70a68.9,68.9,0,0,1,21.41,3.39l.1-83.94a153.14,153.14,0,0,0-118,34.52,161.79,161.79,0,0,0-35.3,43.53c-3.48,6-16.61,30.11-18.2,69.24-1,22.21,5.67,45.22,8.85,54.73v.2c2,5.6,9.75,24.71,22.38,40.82A167.53,167.53,0,0,0,115,470.66v-.2l.2.2C155.11,497.78,199.36,496,199.36,496c7.66-.31,33.32,0,62.46-13.81,32.32-15.31,50.72-38.12,50.72-38.12a158.46,158.46,0,0,0,27.64-45.93c7.46-19.61,9.95-43.13,9.95-52.53V176.49c1,.6,14.32,9.41,14.32,9.41s19.19,12.3,49.13,20.31c21.48,5.7,50.42,6.9,50.42,6.9V131.27C453.86,132.37,433.27,129.17,412.19,118.66Z\"><\/path><\/svg>\t\t\t\t\t<\/a>\n\t\t\t\t<\/span>\n\t\t\t\t\t\t\t<span class=\"elementor-grid-item\">\n\t\t\t\t\t<a class=\"elementor-icon elementor-social-icon elementor-social-icon-instagram elementor-repeater-item-260c73b\" href=\"https:\/\/www.instagram.com\/arieljugo\/\" target=\"_blank\">\n\t\t\t\t\t\t<span class=\"elementor-screen-only\">Instagram<\/span>\n\t\t\t\t\t\t<i class=\"fab fa-instagram\"><\/i>\t\t\t\t\t<\/a>\n\t\t\t\t<\/span>\n\t\t\t\t\t\t\t<span class=\"elementor-grid-item\">\n\t\t\t\t\t<a class=\"elementor-icon elementor-social-icon elementor-social-icon-youtube elementor-repeater-item-150d692\" target=\"_blank\">\n\t\t\t\t\t\t<span class=\"elementor-screen-only\">Youtube<\/span>\n\t\t\t\t\t\t<i class=\"fab fa-youtube\"><\/i>\t\t\t\t\t<\/a>\n\t\t\t\t<\/span>\n\t\t\t\t\t<\/div>\n\t\t\t\t\t\t<\/div>\n\t\t\t\t<\/div>\n\t\t\t\t<div class=\"elementor-element elementor-element-ff053e7 elementor-button-success elementor-align-center elementor-widget elementor-widget-button\" data-id=\"ff053e7\" data-element_type=\"widget\" data-widget_type=\"button.default\">\n\t\t\t\t<div class=\"elementor-widget-container\">\n\t\t\t\t\t\t\t\t\t<div class=\"elementor-button-wrapper\">\n\t\t\t\t\t<a class=\"elementor-button elementor-button-link elementor-size-md\" href=\"https:\/\/calendar.app.google\/S1pp3e6Dbfu8JBYN9\" target=\"_blank\">\n\t\t\t\t\t\t<span class=\"elementor-button-content-wrapper\">\n\t\t\t\t\t\t<span class=\"elementor-button-icon\">\n\t\t\t\t<i aria-hidden=\"true\" class=\"far fa-calendar\"><\/i>\t\t\t<\/span>\n\t\t\t\t\t\t\t\t\t<span class=\"elementor-button-text\">Agenda t\u00fa reuni\u00f3n <\/span>\n\t\t\t\t\t<\/span>\n\t\t\t\t\t<\/a>\n\t\t\t\t<\/div>\n\t\t\t\t\t\t\t\t<\/div>\n\t\t\t\t<\/div>\n\t\t\t\t\t<\/div>\n\t\t<\/div>\n\t\t\t\t\t<\/div>\n\t\t<\/section>\n\t\t\t\t<\/div>\n\t\t","protected":false},"excerpt":{"rendered":"<p>Tu talento merece ser visto y valorado Crear es tu esencia, pero hacer que el mundo lo vea y lo valore puede ser un desaf\u00edo. Hay un camino para que tu arte o emprendimiento crezca sin perder autenticidad. Agenda t\u00fa reuni\u00f3n Juntos vamos a contruir una marca que refleje qui\u00e9n&hellip;&nbsp;<a href=\"https:\/\/arieljugo.com\/\" class=\"\" rel=\"bookmark\">Leer m\u00e1s &raquo;<span class=\"screen-reader-text\">Home<\/span><\/a><\/p>\n","protected":false},"author":1,"featured_media":0,"parent":0,"menu_order":0,"comment_status":"closed","ping_status":"closed","template":"elementor_header_footer","meta":{"footnotes":""},"class_list":["post-70","page","type-page","status-publish","hentry"],"_links":{"self":[{"href":"https:\/\/arieljugo.com\/index.php\/wp-json\/wp\/v2\/pages\/70","targetHints":{"allow":["GET"]}}],"collection":[{"href":"https:\/\/arieljugo.com\/index.php\/wp-json\/wp\/v2\/pages"}],"about":[{"href":"https:\/\/arieljugo.com\/index.php\/wp-json\/wp\/v2\/types\/page"}],"author":[{"embeddable":true,"href":"https:\/\/arieljugo.com\/index.php\/wp-json\/wp\/v2\/users\/1"}],"replies":[{"embeddable":true,"href":"https:\/\/arieljugo.com\/index.php\/wp-json\/wp\/v2\/comments?post=70"}],"version-history":[{"count":80,"href":"https:\/\/arieljugo.com\/index.php\/wp-json\/wp\/v2\/pages\/70\/revisions"}],"predecessor-version":[{"id":255,"href":"https:\/\/arieljugo.com\/index.php\/wp-json\/wp\/v2\/pages\/70\/revisions\/255"}],"wp:attachment":[{"href":"https:\/\/arieljugo.com\/index.php\/wp-json\/wp\/v2\/media?parent=70"}],"curies":[{"name":"wp","href":"https:\/\/api.w.org\/{rel}","templated":true}]}}